{"id":1803,"date":"2020-04-01T19:23:41","date_gmt":"2020-04-01T17:23:41","guid":{"rendered":"https:\/\/sophrologue64.fr\/?page_id=1803"},"modified":"2020-06-24T19:29:55","modified_gmt":"2020-06-24T17:29:55","slug":"votre-espace-client-dedie","status":"publish","type":"page","link":"https:\/\/sophrologue64.fr\/index.php\/votre-espace-client-dedie\/","title":{"rendered":"Espace Client"},"content":{"rendered":"<h2>sophrologue64.fr espace client<\/h2>\n<p>Merci de bien vouloir vous connecter.<\/p>\n<p>\t\t\t<a href=\"https:\/\/sophrologue64.fr\/index.php\/page-personnalise\/\">Acc\u00e9dez \u00e0 votre espace personnalis\u00e9<\/a>\t\t<\/p>\n<p><\/p>\n\n\n<\/p><h2 class=\"wp-block-heading\">[TABS_R id=1901]<\/h2>\n","protected":false},"excerpt":{"rendered":"<p>sophrologue64.fr espace client Merci de bien vouloir vous connecter. Acc\u00e9dez \u00e0 votre espace personnalis\u00e9 [TABS_R id=1901]<\/p>\n","protected":false},"author":1,"featured_media":0,"parent":0,"menu_order":0,"comment_status":"closed","ping_status":"closed","template":"","meta":{"_et_pb_use_builder":"","_et_pb_old_content":"","_et_gb_content_width":"","_monsterinsights_skip_tracking":false,"_monsterinsights_sitenote_active":false,"_monsterinsights_sitenote_note":"","_monsterinsights_sitenote_category":0,"_uf_show_specific_survey":0,"_uf_disable_surveys":false,"footnotes":""},"class_list":["post-1803","page","type-page","status-publish","hentry"],"yoast_head":"<!-- This site is optimized with the Yoast SEO plugin v27.5 - https:\/\/yoast.com\/product\/yoast-seo-wordpress\/ -->\n<title>Votre espace client d\u00e9di\u00e9 et personnalis\u00e9 sur Sophrologue64.fr<\/title>\n<meta name=\"description\" content=\"Votre espace client d\u00e9di\u00e9 et personnalis\u00e9 pour retrouver les exercices \u00e0 pratiquer entre chaque rendez-vous avec votre sophrologue.\" \/>\n<meta name=\"robots\" content=\"index, follow, max-snippet:-1, max-image-preview:large, max-video-preview:-1\" \/>\n<link rel=\"canonical\" href=\"https:\/\/sophrologue64.fr\/index.php\/votre-espace-client-dedie\/\" \/>\n<meta property=\"og:locale\" content=\"fr_FR\" \/>\n<meta property=\"og:type\" content=\"article\" \/>\n<meta property=\"og:title\" content=\"Votre espace client d\u00e9di\u00e9 et personnalis\u00e9 sur Sophrologue64.fr\" \/>\n<meta property=\"og:description\" content=\"Votre espace client d\u00e9di\u00e9 et personnalis\u00e9 pour retrouver les exercices \u00e0 pratiquer entre chaque rendez-vous avec votre sophrologue.\" \/>\n<meta property=\"og:url\" content=\"https:\/\/sophrologue64.fr\/index.php\/votre-espace-client-dedie\/\" \/>\n<meta property=\"og:site_name\" content=\"Janick TRENELLE Sophrologue\" \/>\n<meta property=\"article:publisher\" content=\"https:\/\/www.facebook.com\/janick.trenellegilleron\" \/>\n<meta property=\"article:modified_time\" content=\"2020-06-24T17:29:55+00:00\" \/>\n<meta property=\"og:image\" content=\"https:\/\/sophrologue64.fr\/wp-content\/uploads\/2019\/10\/LOGO-LACT-ACTION.png\" \/>\n\t<meta property=\"og:image:width\" content=\"2480\" \/>\n\t<meta property=\"og:image:height\" content=\"3508\" \/>\n\t<meta property=\"og:image:type\" content=\"image\/png\" \/>\n<meta name=\"twitter:card\" content=\"summary_large_image\" \/>\n<script type=\"application\/ld+json\" class=\"yoast-schema-graph\">{\"@context\":\"https:\\\/\\\/schema.org\",\"@graph\":[{\"@type\":\"WebPage\",\"@id\":\"https:\\\/\\\/sophrologue64.fr\\\/index.php\\\/votre-espace-client-dedie\\\/\",\"url\":\"https:\\\/\\\/sophrologue64.fr\\\/index.php\\\/votre-espace-client-dedie\\\/\",\"name\":\"Votre espace client d\u00e9di\u00e9 et personnalis\u00e9 sur Sophrologue64.fr\",\"isPartOf\":{\"@id\":\"https:\\\/\\\/sophrologue64.fr\\\/#website\"},\"datePublished\":\"2020-04-01T17:23:41+00:00\",\"dateModified\":\"2020-06-24T17:29:55+00:00\",\"description\":\"Votre espace client d\u00e9di\u00e9 et personnalis\u00e9 pour retrouver les exercices \u00e0 pratiquer entre chaque rendez-vous avec votre sophrologue.\",\"breadcrumb\":{\"@id\":\"https:\\\/\\\/sophrologue64.fr\\\/index.php\\\/votre-espace-client-dedie\\\/#breadcrumb\"},\"inLanguage\":\"fr-FR\",\"potentialAction\":[{\"@type\":\"ReadAction\",\"target\":[\"https:\\\/\\\/sophrologue64.fr\\\/index.php\\\/votre-espace-client-dedie\\\/\"]}]},{\"@type\":\"BreadcrumbList\",\"@id\":\"https:\\\/\\\/sophrologue64.fr\\\/index.php\\\/votre-espace-client-dedie\\\/#breadcrumb\",\"itemListElement\":[{\"@type\":\"ListItem\",\"position\":1,\"name\":\"Accueil\",\"item\":\"https:\\\/\\\/sophrologue64.fr\\\/\"},{\"@type\":\"ListItem\",\"position\":2,\"name\":\"Espace Client\"}]},{\"@type\":\"WebSite\",\"@id\":\"https:\\\/\\\/sophrologue64.fr\\\/#website\",\"url\":\"https:\\\/\\\/sophrologue64.fr\\\/\",\"name\":\"Janick TRENELLE Sophrologue\",\"description\":\"Votre sophrologue sur la c\u00f4te basque.\",\"publisher\":{\"@id\":\"https:\\\/\\\/sophrologue64.fr\\\/#organization\"},\"potentialAction\":[{\"@type\":\"SearchAction\",\"target\":{\"@type\":\"EntryPoint\",\"urlTemplate\":\"https:\\\/\\\/sophrologue64.fr\\\/?s={search_term_string}\"},\"query-input\":{\"@type\":\"PropertyValueSpecification\",\"valueRequired\":true,\"valueName\":\"search_term_string\"}}],\"inLanguage\":\"fr-FR\"},{\"@type\":\"Organization\",\"@id\":\"https:\\\/\\\/sophrologue64.fr\\\/#organization\",\"name\":\"Janick Sophrologue Villefranque\",\"url\":\"https:\\\/\\\/sophrologue64.fr\\\/\",\"logo\":{\"@type\":\"ImageObject\",\"inLanguage\":\"fr-FR\",\"@id\":\"https:\\\/\\\/sophrologue64.fr\\\/#\\\/schema\\\/logo\\\/image\\\/\",\"url\":\"https:\\\/\\\/sophrologue64.fr\\\/wp-content\\\/uploads\\\/2019\\\/10\\\/LOGO-LACT-ACTION.png\",\"contentUrl\":\"https:\\\/\\\/sophrologue64.fr\\\/wp-content\\\/uploads\\\/2019\\\/10\\\/LOGO-LACT-ACTION.png\",\"width\":2480,\"height\":3508,\"caption\":\"Janick Sophrologue Villefranque\"},\"image\":{\"@id\":\"https:\\\/\\\/sophrologue64.fr\\\/#\\\/schema\\\/logo\\\/image\\\/\"},\"sameAs\":[\"https:\\\/\\\/www.facebook.com\\\/janick.trenellegilleron\",\"https:\\\/\\\/www.linkedin.com\\\/in\\\/janick-gilleron-0751b5129\\\/\"]}]}<\/script>\n<!-- \/ Yoast SEO plugin. -->","yoast_head_json":{"title":"Votre espace client d\u00e9di\u00e9 et personnalis\u00e9 sur Sophrologue64.fr","description":"Votre espace client d\u00e9di\u00e9 et personnalis\u00e9 pour retrouver les exercices \u00e0 pratiquer entre chaque rendez-vous avec votre sophrologue.","robots":{"index":"index","follow":"follow","max-snippet":"max-snippet:-1","max-image-preview":"max-image-preview:large","max-video-preview":"max-video-preview:-1"},"canonical":"https:\/\/sophrologue64.fr\/index.php\/votre-espace-client-dedie\/","og_locale":"fr_FR","og_type":"article","og_title":"Votre espace client d\u00e9di\u00e9 et personnalis\u00e9 sur Sophrologue64.fr","og_description":"Votre espace client d\u00e9di\u00e9 et personnalis\u00e9 pour retrouver les exercices \u00e0 pratiquer entre chaque rendez-vous avec votre sophrologue.","og_url":"https:\/\/sophrologue64.fr\/index.php\/votre-espace-client-dedie\/","og_site_name":"Janick TRENELLE Sophrologue","article_publisher":"https:\/\/www.facebook.com\/janick.trenellegilleron","article_modified_time":"2020-06-24T17:29:55+00:00","og_image":[{"width":2480,"height":3508,"url":"https:\/\/sophrologue64.fr\/wp-content\/uploads\/2019\/10\/LOGO-LACT-ACTION.png","type":"image\/png"}],"twitter_card":"summary_large_image","schema":{"@context":"https:\/\/schema.org","@graph":[{"@type":"WebPage","@id":"https:\/\/sophrologue64.fr\/index.php\/votre-espace-client-dedie\/","url":"https:\/\/sophrologue64.fr\/index.php\/votre-espace-client-dedie\/","name":"Votre espace client d\u00e9di\u00e9 et personnalis\u00e9 sur Sophrologue64.fr","isPartOf":{"@id":"https:\/\/sophrologue64.fr\/#website"},"datePublished":"2020-04-01T17:23:41+00:00","dateModified":"2020-06-24T17:29:55+00:00","description":"Votre espace client d\u00e9di\u00e9 et personnalis\u00e9 pour retrouver les exercices \u00e0 pratiquer entre chaque rendez-vous avec votre sophrologue.","breadcrumb":{"@id":"https:\/\/sophrologue64.fr\/index.php\/votre-espace-client-dedie\/#breadcrumb"},"inLanguage":"fr-FR","potentialAction":[{"@type":"ReadAction","target":["https:\/\/sophrologue64.fr\/index.php\/votre-espace-client-dedie\/"]}]},{"@type":"BreadcrumbList","@id":"https:\/\/sophrologue64.fr\/index.php\/votre-espace-client-dedie\/#breadcrumb","itemListElement":[{"@type":"ListItem","position":1,"name":"Accueil","item":"https:\/\/sophrologue64.fr\/"},{"@type":"ListItem","position":2,"name":"Espace Client"}]},{"@type":"WebSite","@id":"https:\/\/sophrologue64.fr\/#website","url":"https:\/\/sophrologue64.fr\/","name":"Janick TRENELLE Sophrologue","description":"Votre sophrologue sur la c\u00f4te basque.","publisher":{"@id":"https:\/\/sophrologue64.fr\/#organization"},"potentialAction":[{"@type":"SearchAction","target":{"@type":"EntryPoint","urlTemplate":"https:\/\/sophrologue64.fr\/?s={search_term_string}"},"query-input":{"@type":"PropertyValueSpecification","valueRequired":true,"valueName":"search_term_string"}}],"inLanguage":"fr-FR"},{"@type":"Organization","@id":"https:\/\/sophrologue64.fr\/#organization","name":"Janick Sophrologue Villefranque","url":"https:\/\/sophrologue64.fr\/","logo":{"@type":"ImageObject","inLanguage":"fr-FR","@id":"https:\/\/sophrologue64.fr\/#\/schema\/logo\/image\/","url":"https:\/\/sophrologue64.fr\/wp-content\/uploads\/2019\/10\/LOGO-LACT-ACTION.png","contentUrl":"https:\/\/sophrologue64.fr\/wp-content\/uploads\/2019\/10\/LOGO-LACT-ACTION.png","width":2480,"height":3508,"caption":"Janick Sophrologue Villefranque"},"image":{"@id":"https:\/\/sophrologue64.fr\/#\/schema\/logo\/image\/"},"sameAs":["https:\/\/www.facebook.com\/janick.trenellegilleron","https:\/\/www.linkedin.com\/in\/janick-gilleron-0751b5129\/"]}]}},"_links":{"self":[{"href":"https:\/\/sophrologue64.fr\/index.php\/wp-json\/wp\/v2\/pages\/1803","targetHints":{"allow":["GET"]}}],"collection":[{"href":"https:\/\/sophrologue64.fr\/index.php\/wp-json\/wp\/v2\/pages"}],"about":[{"href":"https:\/\/sophrologue64.fr\/index.php\/wp-json\/wp\/v2\/types\/page"}],"author":[{"embeddable":true,"href":"https:\/\/sophrologue64.fr\/index.php\/wp-json\/wp\/v2\/users\/1"}],"replies":[{"embeddable":true,"href":"https:\/\/sophrologue64.fr\/index.php\/wp-json\/wp\/v2\/comments?post=1803"}],"version-history":[{"count":0,"href":"https:\/\/sophrologue64.fr\/index.php\/wp-json\/wp\/v2\/pages\/1803\/revisions"}],"wp:attachment":[{"href":"https:\/\/sophrologue64.fr\/index.php\/wp-json\/wp\/v2\/media?parent=1803"}],"curies":[{"name":"wp","href":"https:\/\/api.w.org\/{rel}","templated":true}]}}